{"id":11,"date":"2023-11-06T21:40:19","date_gmt":"2023-11-06T18:40:19","guid":{"rendered":"https:\/\/elektrikliaracsarjharitasi.com\/pages\/?page_id=11"},"modified":"2025-05-30T16:14:47","modified_gmt":"2025-05-30T13:14:47","slug":"hakkimizda","status":"publish","type":"page","link":"https:\/\/elektrikliaracsarjharitasi.com\/pages\/","title":{"rendered":"Hakk\u0131m\u0131zda"},"content":{"rendered":"\n<p><strong>Elektrikli Ara\u00e7 \u015earj Haritas\u0131<\/strong>, T\u00fcrkiye genelindeki elektrikli ara\u00e7 \u015farj istasyonlar\u0131n\u0131 harita \u00fczerinde g\u00f6steren ve kullan\u0131c\u0131lar\u0131n kolayca bu istasyonlara ula\u015fmas\u0131n\u0131 sa\u011flayan kapsaml\u0131 bir web sitesidir. Haritam\u0131z\u0131 kullanarak<\/p>\n\n\n\n<ul class=\"wp-block-list\">\n<li>istasyonlar\u0131 marka veya soket tipine (AC\/DC) g\u00f6re filtreleyebilir,<\/li>\n\n\n\n<li>otomatik konumlama \u00f6zelli\u011fiyle \u00e7evrenizdeki \u015farj istasyonlar\u0131n\u0131 bulabilir,<\/li>\n\n\n\n<li>istasyonlar\u0131n anl\u0131k m\u00fcsaitlik durumlar\u0131n\u0131 takip edebilir,<\/li>\n\n\n\n<li>\u015farj istasyonlar\u0131 hakk\u0131nda \u015farj \u00fccreti, soket say\u0131s\u0131, soket g\u00fcc\u00fc, adres, adres tarifi, tesis imkanlar\u0131 (AVM, WC, Otel) vb. bilgi edinebilir,<\/li>\n\n\n\n<li>istenilen \u015farj istasyonunu Google Haritalar uygulamas\u0131nda g\u00f6r\u00fcnt\u00fcleyerek yol tarifi alabilir,<\/li>\n\n\n\n<li>\u015fehirleraras\u0131 yolculuklar i\u00e7in rota olu\u015fturabilir,<\/li>\n\n\n\n<li>rota \u00fczerindeki \u015farj istasyonlar\u0131n\u0131 yolculu\u011fa ekleyebilir,<\/li>\n\n\n\n<li>rotaya eklenen her durak aras\u0131ndaki mesafeyi ve yolculuk s\u00fcresini g\u00f6r\u00fcnt\u00fcleyebilir,<\/li>\n\n\n\n<li>rotay\u0131 Google Haritalar uygulamas\u0131na aktararak mobil cihaz veya ara\u00e7 ekran\u0131ndan kolayl\u0131kla takip edebilirsiniz.<\/li>\n<\/ul>\n\n\n\n<hr class=\"wp-block-separator has-alpha-channel-opacity\"\/>\n\n\n\n<p>Sitemiz, t\u00fcm elektrikli ara\u00e7 kullan\u0131c\u0131lar\u0131 i\u00e7in&nbsp;<strong>\u00fccretsiz&nbsp;<\/strong>olarak hizmet vermektedir. Herhangi bir \u00fcyelik veya \u00f6deme gerekmeden \u015farj haritas\u0131n\u0131 kullanabilirsiniz. Sitemize ait bar\u0131nd\u0131rma, alan ad\u0131 kayd\u0131, Google Haritalar kullan\u0131m bedelleri gibi t\u00fcm \u00fccretler g\u00f6n\u00fcll\u00fc ba\u011f\u0131\u015f\u00e7\u0131lar taraf\u0131ndan kar\u015f\u0131lanmaktad\u0131r. Siz de geli\u015ftiricilere bir kahve \u0131smarlayarak s\u00fcrece destek olabilirsiniz. \u0130\u015fbirli\u011fi, sponsorluk, ba\u011f\u0131\u015f ve melek yat\u0131r\u0131mc\u0131l\u0131k gibi konularda e-posta adresimiz veya sosyal medya hesaplar\u0131m\u0131z \u00fczerinden ileti\u015fim kurabilirsiniz.<\/p>\n\n\n\n<hr class=\"wp-block-separator has-alpha-channel-opacity\"\/>\n\n\n\n<p>Google Pay veya Buy Me Coffee platformlar\u0131 \u00fczerinden destek\u00e7imiz olabilirsiniz.<\/p>\n\n\n\n<table>\n<tr>\n<td>\n<button swg-standard-button=\"contribution\"><\/button>\n<\/td>\n<td> \n<script type=\"text\/javascript\" src=\"https:\/\/cdnjs.buymeacoffee.com\/1.0.0\/button.prod.min.js\" data-name=\"bmc-button\" data-slug=\"sarjharitasi\" data-color=\"#5F7FFF\" data-emoji=\"\u2615\"  data-font=\"Cookie\" data-text=\"Buy me a coffee\" data-outline-color=\"#000000\" data-font-color=\"#ffffff\" data-coffee-color=\"#FFDD00\" ><\/script>\n<\/td>\n\n\n<\/tr>\n<table>\n\n\n\n<hr class=\"wp-block-separator has-alpha-channel-opacity\"\/>\n\n\n\n<p>Sitemizi geli\u015ftirmek i\u00e7in s\u00fcrekli \u00e7aba sarf ediyoruz. Yeni \u015farj noktalar\u0131 eklemek ve mevcut \u015farj noktalar\u0131n\u0131n bilgilerini g\u00fcncellemek i\u00e7in \u00e7al\u0131\u015f\u0131yoruz. Sitemiz hakk\u0131nda herhangi bir sorunuz veya geri bildiriminiz varsa ileti\u015fim kanallar\u0131m\u0131z \u00fczerinden bizimle ileti\u015fime ge\u00e7ebilirsiniz.<\/p>\n\n\n\n<p class=\"has-text-align-left\">Haritam\u0131zda yer alan \u015farj a\u011f\u0131 i\u015fletmecileri, istasyon ve soket say\u0131lar\u0131 a\u015fa\u011f\u0131daki tabloda yer almaktad\u0131r.<\/p>\n\n\n\n<hr class=\"wp-block-separator has-alpha-channel-opacity\"\/>\n\n\n    <style>\r\n        table {\r\n            border-collapse: collapse;\r\n            width: 100%;\r\n        }\r\n\r\n        th, td {\r\n            border: 1px solid black;\r\n            padding: 8px;\r\n            text-align: left;\r\n        }\r\n\r\n        th {\r\n            background-color: #f2f2f2;\r\n        }\r\n    <\/style>\r\n    <table >\r\n        <thead>\r\n            <tr style=\"text-align:center;\">\r\n                <th>Marka<\/th>\r\n                <th>\u0130stasyon Say\u0131s\u0131<\/th>\r\n                <th>DC Soket Say\u0131s\u0131<\/th>\r\n                <th>AC Soket Say\u0131s\u0131<\/th>\r\n                <th>Toplam Soket<\/th>\r\n\t\t\t\t<th>G\u00fcncelleme<\/th>\r\n            <\/tr>\r\n        <\/thead>\r\n        <tbody>\r\n                        <tr>\r\n                    <td style=\"width:15%;\">Trugo<\/td>\r\n                    <td style=\"text-align:right; width:12%;\">2171<\/td>\r\n                    <td style=\"text-align:right; width:12%;\">2146<\/td>\r\n                    <td style=\"text-align:right; width:12%;\">453<\/td>\r\n                    <td style=\"text-align:right; width:12%;\">2599<\/td>\r\n\t\t\t\t\t<td style=\"text-align:right;width:15%;\">2026-02-26 05:03:26<\/td>\r\n                <\/tr>\r\n                    <tr>\r\n                    <td style=\"width:15%;\">ZES<\/td>\r\n                    <td style=\"text-align:right; width:12%;\">1556<\/td>\r\n                    <td style=\"text-align:right; width:12%;\">1995<\/td>\r\n                    <td style=\"text-align:right; width:12%;\">2015<\/td>\r\n                    <td style=\"text-align:right; width:12%;\">4010<\/td>\r\n\t\t\t\t\t<td style=\"text-align:right;width:15%;\">2026-01-26 02:20:09<\/td>\r\n                <\/tr>\r\n                    <tr>\r\n                    <td style=\"width:15%;\">E\u015farj<\/td>\r\n                    <td style=\"text-align:right; width:12%;\">1178<\/td>\r\n                    <td style=\"text-align:right; width:12%;\">1679<\/td>\r\n                    <td style=\"text-align:right; width:12%;\">328<\/td>\r\n                    <td style=\"text-align:right; width:12%;\">2007<\/td>\r\n\t\t\t\t\t<td style=\"text-align:right;width:15%;\">2026-01-26 02:20:09<\/td>\r\n                <\/tr>\r\n                    <tr>\r\n                    <td style=\"width:15%;\">Voltrun<\/td>\r\n                    <td style=\"text-align:right; width:12%;\">1047<\/td>\r\n                    <td style=\"text-align:right; width:12%;\">236<\/td>\r\n                    <td style=\"text-align:right; width:12%;\">2089<\/td>\r\n                    <td style=\"text-align:right; width:12%;\">2325<\/td>\r\n\t\t\t\t\t<td style=\"text-align:right;width:15%;\">2026-04-03 03:15:06<\/td>\r\n                <\/tr>\r\n                    <tr>\r\n                    <td style=\"width:15%;\">WAT<\/td>\r\n                    <td style=\"text-align:right; width:12%;\">379<\/td>\r\n                    <td style=\"text-align:right; width:12%;\">509<\/td>\r\n                    <td style=\"text-align:right; width:12%;\">169<\/td>\r\n                    <td style=\"text-align:right; width:12%;\">678<\/td>\r\n\t\t\t\t\t<td style=\"text-align:right;width:15%;\">2025-12-17 03:10:03<\/td>\r\n                <\/tr>\r\n                    <tr>\r\n                    <td style=\"width:15%;\">EnYak\u0131t<\/td>\r\n                    <td style=\"text-align:right; width:12%;\">289<\/td>\r\n                    <td style=\"text-align:right; width:12%;\">575<\/td>\r\n                    <td style=\"text-align:right; width:12%;\">0<\/td>\r\n                    <td style=\"text-align:right; width:12%;\">575<\/td>\r\n\t\t\t\t\t<td style=\"text-align:right;width:15%;\">2026-04-03 03:30:04<\/td>\r\n                <\/tr>\r\n                    <tr>\r\n                    <td style=\"width:15%;\">Otojet<\/td>\r\n                    <td style=\"text-align:right; width:12%;\">261<\/td>\r\n                    <td style=\"text-align:right; width:12%;\">348<\/td>\r\n                    <td style=\"text-align:right; width:12%;\">76<\/td>\r\n                    <td style=\"text-align:right; width:12%;\">424<\/td>\r\n\t\t\t\t\t<td style=\"text-align:right;width:15%;\">2025-05-30 02:45:02<\/td>\r\n                <\/tr>\r\n                    <tr>\r\n                    <td style=\"width:15%;\">Oncharge<\/td>\r\n                    <td style=\"text-align:right; width:12%;\">179<\/td>\r\n                    <td style=\"text-align:right; width:12%;\">0<\/td>\r\n                    <td style=\"text-align:right; width:12%;\">0<\/td>\r\n                    <td style=\"text-align:right; width:12%;\">0<\/td>\r\n\t\t\t\t\t<td style=\"text-align:right;width:15%;\">2026-03-17 04:10:03<\/td>\r\n                <\/tr>\r\n                    <tr>\r\n                    <td style=\"width:15%;\">5\u015earj<\/td>\r\n                    <td style=\"text-align:right; width:12%;\">169<\/td>\r\n                    <td style=\"text-align:right; width:12%;\">397<\/td>\r\n                    <td style=\"text-align:right; width:12%;\">28<\/td>\r\n                    <td style=\"text-align:right; width:12%;\">425<\/td>\r\n\t\t\t\t\t<td style=\"text-align:right;width:15%;\">2026-02-10 03:50:02<\/td>\r\n                <\/tr>\r\n                    <tr>\r\n                    <td style=\"width:15%;\">Beefull<\/td>\r\n                    <td style=\"text-align:right; width:12%;\">139<\/td>\r\n                    <td style=\"text-align:right; width:12%;\">16<\/td>\r\n                    <td style=\"text-align:right; width:12%;\">123<\/td>\r\n                    <td style=\"text-align:right; width:12%;\">139<\/td>\r\n\t\t\t\t\t<td style=\"text-align:right;width:15%;\">2025-02-10 02:15:02<\/td>\r\n                <\/tr>\r\n                    <tr>\r\n                    <td style=\"width:15%;\">D-Charge<\/td>\r\n                    <td style=\"text-align:right; width:12%;\">133<\/td>\r\n                    <td style=\"text-align:right; width:12%;\">141<\/td>\r\n                    <td style=\"text-align:right; width:12%;\">151<\/td>\r\n                    <td style=\"text-align:right; width:12%;\">292<\/td>\r\n\t\t\t\t\t<td style=\"text-align:right;width:15%;\">2026-02-17 02:30:02<\/td>\r\n                <\/tr>\r\n                    <tr>\r\n                    <td style=\"width:15%;\">Sharz.net<\/td>\r\n                    <td style=\"text-align:right; width:12%;\">126<\/td>\r\n                    <td style=\"text-align:right; width:12%;\">28<\/td>\r\n                    <td style=\"text-align:right; width:12%;\">144<\/td>\r\n                    <td style=\"text-align:right; width:12%;\">172<\/td>\r\n\t\t\t\t\t<td style=\"text-align:right;width:15%;\">2026-01-26 02:20:09<\/td>\r\n                <\/tr>\r\n                    <tr>\r\n                    <td style=\"width:15%;\">Power\u015farj<\/td>\r\n                    <td style=\"text-align:right; width:12%;\">119<\/td>\r\n                    <td style=\"text-align:right; width:12%;\">147<\/td>\r\n                    <td style=\"text-align:right; width:12%;\">166<\/td>\r\n                    <td style=\"text-align:right; width:12%;\">313<\/td>\r\n\t\t\t\t\t<td style=\"text-align:right;width:15%;\">2026-04-03 02:00:05<\/td>\r\n                <\/tr>\r\n                    <tr>\r\n                    <td style=\"width:15%;\">Otowatt<\/td>\r\n                    <td style=\"text-align:right; width:12%;\">103<\/td>\r\n                    <td style=\"text-align:right; width:12%;\">110<\/td>\r\n                    <td style=\"text-align:right; width:12%;\">91<\/td>\r\n                    <td style=\"text-align:right; width:12%;\">201<\/td>\r\n\t\t\t\t\t<td style=\"text-align:right;width:15%;\">2026-04-03 02:50:01<\/td>\r\n                <\/tr>\r\n                    <tr>\r\n                    <td style=\"width:15%;\">AOS Technology<\/td>\r\n                    <td style=\"text-align:right; width:12%;\">102<\/td>\r\n                    <td style=\"text-align:right; width:12%;\">42<\/td>\r\n                    <td style=\"text-align:right; width:12%;\">151<\/td>\r\n                    <td style=\"text-align:right; width:12%;\">193<\/td>\r\n\t\t\t\t\t<td style=\"text-align:right;width:15%;\">2026-04-03 03:20:11<\/td>\r\n                <\/tr>\r\n                    <tr>\r\n                    <td style=\"width:15%;\">\u0130spirli \u015earj<\/td>\r\n                    <td style=\"text-align:right; width:12%;\">80<\/td>\r\n                    <td style=\"text-align:right; width:12%;\">38<\/td>\r\n                    <td style=\"text-align:right; width:12%;\">99<\/td>\r\n                    <td style=\"text-align:right; width:12%;\">137<\/td>\r\n\t\t\t\t\t<td style=\"text-align:right;width:15%;\">2026-04-03 02:05:02<\/td>\r\n                <\/tr>\r\n                    <tr>\r\n                    <td style=\"width:15%;\">RHG<\/td>\r\n                    <td style=\"text-align:right; width:12%;\">76<\/td>\r\n                    <td style=\"text-align:right; width:12%;\">82<\/td>\r\n                    <td style=\"text-align:right; width:12%;\">160<\/td>\r\n                    <td style=\"text-align:right; width:12%;\">242<\/td>\r\n\t\t\t\t\t<td style=\"text-align:right;width:15%;\">2025-03-02 02:55:02<\/td>\r\n                <\/tr>\r\n                    <tr>\r\n                    <td style=\"width:15%;\">Lumicle<\/td>\r\n                    <td style=\"text-align:right; width:12%;\">58<\/td>\r\n                    <td style=\"text-align:right; width:12%;\">160<\/td>\r\n                    <td style=\"text-align:right; width:12%;\">37<\/td>\r\n                    <td style=\"text-align:right; width:12%;\">197<\/td>\r\n\t\t\t\t\t<td style=\"text-align:right;width:15%;\">2025-12-02 04:00:03<\/td>\r\n                <\/tr>\r\n                    <tr>\r\n                    <td style=\"width:15%;\">Gio EV<\/td>\r\n                    <td style=\"text-align:right; width:12%;\">55<\/td>\r\n                    <td style=\"text-align:right; width:12%;\">20<\/td>\r\n                    <td style=\"text-align:right; width:12%;\">0<\/td>\r\n                    <td style=\"text-align:right; width:12%;\">20<\/td>\r\n\t\t\t\t\t<td style=\"text-align:right;width:15%;\">2026-04-03 02:35:02<\/td>\r\n                <\/tr>\r\n                    <tr>\r\n                    <td style=\"width:15%;\">MyCharge<\/td>\r\n                    <td style=\"text-align:right; width:12%;\">50<\/td>\r\n                    <td style=\"text-align:right; width:12%;\">52<\/td>\r\n                    <td style=\"text-align:right; width:12%;\">87<\/td>\r\n                    <td style=\"text-align:right; width:12%;\">139<\/td>\r\n\t\t\t\t\t<td style=\"text-align:right;width:15%;\">2026-04-03 04:00:02<\/td>\r\n                <\/tr>\r\n                    <tr>\r\n                    <td style=\"width:15%;\">\u00d6niz \u015earj<\/td>\r\n                    <td style=\"text-align:right; width:12%;\">50<\/td>\r\n                    <td style=\"text-align:right; width:12%;\">40<\/td>\r\n                    <td style=\"text-align:right; width:12%;\">112<\/td>\r\n                    <td style=\"text-align:right; width:12%;\">152<\/td>\r\n\t\t\t\t\t<td style=\"text-align:right;width:15%;\">2026-04-03 04:20:02<\/td>\r\n                <\/tr>\r\n                    <tr>\r\n                    <td style=\"width:15%;\">\u015earjon<\/td>\r\n                    <td style=\"text-align:right; width:12%;\">42<\/td>\r\n                    <td style=\"text-align:right; width:12%;\">10<\/td>\r\n                    <td style=\"text-align:right; width:12%;\">54<\/td>\r\n                    <td style=\"text-align:right; width:12%;\">64<\/td>\r\n\t\t\t\t\t<td style=\"text-align:right;width:15%;\">2025-07-01 03:00:04<\/td>\r\n                <\/tr>\r\n                    <tr>\r\n                    <td style=\"width:15%;\">Arcona<\/td>\r\n                    <td style=\"text-align:right; width:12%;\">35<\/td>\r\n                    <td style=\"text-align:right; width:12%;\">26<\/td>\r\n                    <td style=\"text-align:right; width:12%;\">55<\/td>\r\n                    <td style=\"text-align:right; width:12%;\">81<\/td>\r\n\t\t\t\t\t<td style=\"text-align:right;width:15%;\">2026-04-03 02:10:02<\/td>\r\n                <\/tr>\r\n                    <tr>\r\n                    <td style=\"width:15%;\">Spark<\/td>\r\n                    <td style=\"text-align:right; width:12%;\">20<\/td>\r\n                    <td style=\"text-align:right; width:12%;\">13<\/td>\r\n                    <td style=\"text-align:right; width:12%;\">36<\/td>\r\n                    <td style=\"text-align:right; width:12%;\">49<\/td>\r\n\t\t\t\t\t<td style=\"text-align:right;width:15%;\">2026-04-03 03:05:02<\/td>\r\n                <\/tr>\r\n                    <tr>\r\n                    <td style=\"width:15%;\">Elaris<\/td>\r\n                    <td style=\"text-align:right; width:12%;\">17<\/td>\r\n                    <td style=\"text-align:right; width:12%;\">7<\/td>\r\n                    <td style=\"text-align:right; width:12%;\">27<\/td>\r\n                    <td style=\"text-align:right; width:12%;\">34<\/td>\r\n\t\t\t\t\t<td style=\"text-align:right;width:15%;\">2026-01-31 19:29:13<\/td>\r\n                <\/tr>\r\n                    <tr>\r\n                    <td style=\"width:15%;\">Ecojet<\/td>\r\n                    <td style=\"text-align:right; width:12%;\">17<\/td>\r\n                    <td style=\"text-align:right; width:12%;\">8<\/td>\r\n                    <td style=\"text-align:right; width:12%;\">18<\/td>\r\n                    <td style=\"text-align:right; width:12%;\">26<\/td>\r\n\t\t\t\t\t<td style=\"text-align:right;width:15%;\">2025-12-02 04:05:02<\/td>\r\n                <\/tr>\r\n                    <tr>\r\n                    <td style=\"width:15%;\">Tesla<\/td>\r\n                    <td style=\"text-align:right; width:12%;\">12<\/td>\r\n                    <td style=\"text-align:right; width:12%;\">98<\/td>\r\n                    <td style=\"text-align:right; width:12%;\">0<\/td>\r\n                    <td style=\"text-align:right; width:12%;\">98<\/td>\r\n\t\t\t\t\t<td style=\"text-align:right;width:15%;\">2025-04-16 03:40:19<\/td>\r\n                <\/tr>\r\n                <tr style=\"font-weight:bold;\">\r\n                <td>Toplam<\/td>\r\n                <td style=\"text-align:right;\">8463<\/td>\r\n                <td style=\"text-align:right;\">8923<\/td>\r\n                <td style=\"text-align:right;\">6669<\/td>\r\n                <td style=\"text-align:right;\">15592<\/td>\r\n            <\/tr>\r\n        <\/tbody>\r\n    <\/table>\r\n\n","protected":false},"excerpt":{"rendered":"<p>Elektrikli Ara\u00e7 \u015earj Haritas\u0131, T\u00fcrkiye genelindeki elektrikli ara\u00e7 \u015farj istasyonlar\u0131n\u0131 harita \u00fczerinde g\u00f6steren ve kullan\u0131c\u0131lar\u0131n kolayca bu istasyonlara ula\u015fmas\u0131n\u0131 sa\u011flayan kapsaml\u0131 bir web sitesidir. Haritam\u0131z\u0131 kullanarak Sitemiz, t\u00fcm elektrikli ara\u00e7 &#8230;<\/p>\n","protected":false},"author":1,"featured_media":0,"parent":0,"menu_order":0,"comment_status":"closed","ping_status":"closed","template":"","meta":{"googlesitekit_rrm_CAowz_m7DA:productID":"","footnotes":""},"class_list":["post-11","page","type-page","status-publish","hentry"],"_links":{"self":[{"href":"https:\/\/elektrikliaracsarjharitasi.com\/pages\/wp-json\/wp\/v2\/pages\/11","targetHints":{"allow":["GET"]}}],"collection":[{"href":"https:\/\/elektrikliaracsarjharitasi.com\/pages\/wp-json\/wp\/v2\/pages"}],"about":[{"href":"https:\/\/elektrikliaracsarjharitasi.com\/pages\/wp-json\/wp\/v2\/types\/page"}],"author":[{"embeddable":true,"href":"https:\/\/elektrikliaracsarjharitasi.com\/pages\/wp-json\/wp\/v2\/users\/1"}],"replies":[{"embeddable":true,"href":"https:\/\/elektrikliaracsarjharitasi.com\/pages\/wp-json\/wp\/v2\/comments?post=11"}],"version-history":[{"count":28,"href":"https:\/\/elektrikliaracsarjharitasi.com\/pages\/wp-json\/wp\/v2\/pages\/11\/revisions"}],"predecessor-version":[{"id":323,"href":"https:\/\/elektrikliaracsarjharitasi.com\/pages\/wp-json\/wp\/v2\/pages\/11\/revisions\/323"}],"wp:attachment":[{"href":"https:\/\/elektrikliaracsarjharitasi.com\/pages\/wp-json\/wp\/v2\/media?parent=11"}],"curies":[{"name":"wp","href":"https:\/\/api.w.org\/{rel}","templated":true}]}}